{"id":3034,"date":"2016-07-13T13:02:25","date_gmt":"2016-07-13T12:02:25","guid":{"rendered":"http:\/\/raytech.be\/fr\/case-studies-laser-snijden-laser-lassen\/"},"modified":"2024-07-05T16:37:29","modified_gmt":"2024-07-05T14:37:29","slug":"micro-usinage-laser-decoupe-micro","status":"publish","type":"page","link":"https:\/\/raytech.be\/fr\/micro-usinage-laser-decoupe-micro\/","title":{"rendered":"\u00c9tudes de cas de l&rsquo;usinage laser"},"content":{"rendered":"","protected":false},"excerpt":{"rendered":"","protected":false},"author":2,"featured_media":0,"parent":0,"menu_order":0,"comment_status":"open","ping_status":"open","template":"template-custom.php","meta":{"_acf_changed":false,"footnotes":""},"class_list":["post-3034","page","type-page","status-publish","hentry"],"acf":[],"yoast_head":"<!-- This site is optimized with the Yoast SEO plugin v26.0 - https:\/\/yoast.com\/wordpress\/plugins\/seo\/ -->\n<title>Micro usinage laser - \u00e9tudes de cas - Raytech<\/title>\n<meta name=\"description\" content=\"Sous-traitance en micro-usinage laser. D\u00e9couvrez ici, des applications et projets de micro d\u00e9coupe laser - soudage laser - per\u00e7age laser et l&#039;impression 3D.\" \/>\n<meta name=\"robots\" content=\"index, follow, max-snippet:-1, max-image-preview:large, max-video-preview:-1\" \/>\n<link rel=\"canonical\" href=\"https:\/\/raytech.be\/fr\/micro-usinage-laser-decoupe-micro\/\" \/>\n<meta property=\"og:locale\" content=\"fr_FR\" \/>\n<meta property=\"og:type\" content=\"article\" \/>\n<meta property=\"og:title\" content=\"Micro usinage laser - \u00e9tudes de cas - Raytech\" \/>\n<meta property=\"og:description\" content=\"Sous-traitance en micro-usinage laser. D\u00e9couvrez ici, des applications et projets de micro d\u00e9coupe laser - soudage laser - per\u00e7age laser et l&#039;impression 3D.\" \/>\n<meta property=\"og:url\" content=\"https:\/\/raytech.be\/fr\/micro-usinage-laser-decoupe-micro\/\" \/>\n<meta property=\"og:site_name\" content=\"Raytech\" \/>\n<meta property=\"article:modified_time\" content=\"2024-07-05T14:37:29+00:00\" \/>\n<meta name=\"twitter:card\" content=\"summary_large_image\" \/>\n<script type=\"application\/ld+json\" class=\"yoast-schema-graph\">{\"@context\":\"https:\/\/schema.org\",\"@graph\":[{\"@type\":\"WebPage\",\"@id\":\"https:\/\/raytech.be\/fr\/micro-usinage-laser-decoupe-micro\/\",\"url\":\"https:\/\/raytech.be\/fr\/micro-usinage-laser-decoupe-micro\/\",\"name\":\"Micro usinage laser - \u00e9tudes de cas - Raytech\",\"isPartOf\":{\"@id\":\"https:\/\/raytech.be\/fr\/#website\"},\"datePublished\":\"2016-07-13T12:02:25+00:00\",\"dateModified\":\"2024-07-05T14:37:29+00:00\",\"description\":\"Sous-traitance en micro-usinage laser. D\u00e9couvrez ici, des applications et projets de micro d\u00e9coupe laser - soudage laser - per\u00e7age laser et l'impression 3D.\",\"breadcrumb\":{\"@id\":\"https:\/\/raytech.be\/fr\/micro-usinage-laser-decoupe-micro\/#breadcrumb\"},\"inLanguage\":\"fr-FR\",\"potentialAction\":[{\"@type\":\"ReadAction\",\"target\":[\"https:\/\/raytech.be\/fr\/micro-usinage-laser-decoupe-micro\/\"]}]},{\"@type\":\"BreadcrumbList\",\"@id\":\"https:\/\/raytech.be\/fr\/micro-usinage-laser-decoupe-micro\/#breadcrumb\",\"itemListElement\":[{\"@type\":\"ListItem\",\"position\":1,\"name\":\"Home\",\"item\":\"https:\/\/raytech.be\/fr\/\"},{\"@type\":\"ListItem\",\"position\":2,\"name\":\"\u00c9tudes de cas de l&#8217;usinage laser\"}]},{\"@type\":\"WebSite\",\"@id\":\"https:\/\/raytech.be\/fr\/#website\",\"url\":\"https:\/\/raytech.be\/fr\/\",\"name\":\"Raytech\",\"description\":\"\",\"publisher\":{\"@id\":\"https:\/\/raytech.be\/fr\/#organization\"},\"potentialAction\":[{\"@type\":\"SearchAction\",\"target\":{\"@type\":\"EntryPoint\",\"urlTemplate\":\"https:\/\/raytech.be\/fr\/?s={search_term_string}\"},\"query-input\":{\"@type\":\"PropertyValueSpecification\",\"valueRequired\":true,\"valueName\":\"search_term_string\"}}],\"inLanguage\":\"fr-FR\"},{\"@type\":\"Organization\",\"@id\":\"https:\/\/raytech.be\/fr\/#organization\",\"name\":\"Raytech\",\"url\":\"https:\/\/raytech.be\/fr\/\",\"logo\":{\"@type\":\"ImageObject\",\"inLanguage\":\"fr-FR\",\"@id\":\"https:\/\/raytech.be\/fr\/#\/schema\/logo\/image\/\",\"url\":\"https:\/\/raytech.be\/wp-content\/uploads\/2021\/05\/logo_300x300pix.jpg\",\"contentUrl\":\"https:\/\/raytech.be\/wp-content\/uploads\/2021\/05\/logo_300x300pix.jpg\",\"width\":300,\"height\":138,\"caption\":\"Raytech\"},\"image\":{\"@id\":\"https:\/\/raytech.be\/fr\/#\/schema\/logo\/image\/\"},\"sameAs\":[\"https:\/\/www.linkedin.com\/company\/10491180\",\"https:\/\/www.youtube.com\/channel\/UCq0nhhmqc4blJbOSI9Eq3Qw\"]}]}<\/script>\n<!-- \/ Yoast SEO plugin. -->","yoast_head_json":{"title":"Micro usinage laser - \u00e9tudes de cas - Raytech","description":"Sous-traitance en micro-usinage laser. D\u00e9couvrez ici, des applications et projets de micro d\u00e9coupe laser - soudage laser - per\u00e7age laser et l'impression 3D.","robots":{"index":"index","follow":"follow","max-snippet":"max-snippet:-1","max-image-preview":"max-image-preview:large","max-video-preview":"max-video-preview:-1"},"canonical":"https:\/\/raytech.be\/fr\/micro-usinage-laser-decoupe-micro\/","og_locale":"fr_FR","og_type":"article","og_title":"Micro usinage laser - \u00e9tudes de cas - Raytech","og_description":"Sous-traitance en micro-usinage laser. D\u00e9couvrez ici, des applications et projets de micro d\u00e9coupe laser - soudage laser - per\u00e7age laser et l'impression 3D.","og_url":"https:\/\/raytech.be\/fr\/micro-usinage-laser-decoupe-micro\/","og_site_name":"Raytech","article_modified_time":"2024-07-05T14:37:29+00:00","twitter_card":"summary_large_image","schema":{"@context":"https:\/\/schema.org","@graph":[{"@type":"WebPage","@id":"https:\/\/raytech.be\/fr\/micro-usinage-laser-decoupe-micro\/","url":"https:\/\/raytech.be\/fr\/micro-usinage-laser-decoupe-micro\/","name":"Micro usinage laser - \u00e9tudes de cas - Raytech","isPartOf":{"@id":"https:\/\/raytech.be\/fr\/#website"},"datePublished":"2016-07-13T12:02:25+00:00","dateModified":"2024-07-05T14:37:29+00:00","description":"Sous-traitance en micro-usinage laser. D\u00e9couvrez ici, des applications et projets de micro d\u00e9coupe laser - soudage laser - per\u00e7age laser et l'impression 3D.","breadcrumb":{"@id":"https:\/\/raytech.be\/fr\/micro-usinage-laser-decoupe-micro\/#breadcrumb"},"inLanguage":"fr-FR","potentialAction":[{"@type":"ReadAction","target":["https:\/\/raytech.be\/fr\/micro-usinage-laser-decoupe-micro\/"]}]},{"@type":"BreadcrumbList","@id":"https:\/\/raytech.be\/fr\/micro-usinage-laser-decoupe-micro\/#breadcrumb","itemListElement":[{"@type":"ListItem","position":1,"name":"Home","item":"https:\/\/raytech.be\/fr\/"},{"@type":"ListItem","position":2,"name":"\u00c9tudes de cas de l&#8217;usinage laser"}]},{"@type":"WebSite","@id":"https:\/\/raytech.be\/fr\/#website","url":"https:\/\/raytech.be\/fr\/","name":"Raytech","description":"","publisher":{"@id":"https:\/\/raytech.be\/fr\/#organization"},"potentialAction":[{"@type":"SearchAction","target":{"@type":"EntryPoint","urlTemplate":"https:\/\/raytech.be\/fr\/?s={search_term_string}"},"query-input":{"@type":"PropertyValueSpecification","valueRequired":true,"valueName":"search_term_string"}}],"inLanguage":"fr-FR"},{"@type":"Organization","@id":"https:\/\/raytech.be\/fr\/#organization","name":"Raytech","url":"https:\/\/raytech.be\/fr\/","logo":{"@type":"ImageObject","inLanguage":"fr-FR","@id":"https:\/\/raytech.be\/fr\/#\/schema\/logo\/image\/","url":"https:\/\/raytech.be\/wp-content\/uploads\/2021\/05\/logo_300x300pix.jpg","contentUrl":"https:\/\/raytech.be\/wp-content\/uploads\/2021\/05\/logo_300x300pix.jpg","width":300,"height":138,"caption":"Raytech"},"image":{"@id":"https:\/\/raytech.be\/fr\/#\/schema\/logo\/image\/"},"sameAs":["https:\/\/www.linkedin.com\/company\/10491180","https:\/\/www.youtube.com\/channel\/UCq0nhhmqc4blJbOSI9Eq3Qw"]}]}},"_links":{"self":[{"href":"https:\/\/raytech.be\/fr\/wp-json\/wp\/v2\/pages\/3034","targetHints":{"allow":["GET"]}}],"collection":[{"href":"https:\/\/raytech.be\/fr\/wp-json\/wp\/v2\/pages"}],"about":[{"href":"https:\/\/raytech.be\/fr\/wp-json\/wp\/v2\/types\/page"}],"author":[{"embeddable":true,"href":"https:\/\/raytech.be\/fr\/wp-json\/wp\/v2\/users\/2"}],"replies":[{"embeddable":true,"href":"https:\/\/raytech.be\/fr\/wp-json\/wp\/v2\/comments?post=3034"}],"version-history":[{"count":1,"href":"https:\/\/raytech.be\/fr\/wp-json\/wp\/v2\/pages\/3034\/revisions"}],"predecessor-version":[{"id":18158,"href":"https:\/\/raytech.be\/fr\/wp-json\/wp\/v2\/pages\/3034\/revisions\/18158"}],"wp:attachment":[{"href":"https:\/\/raytech.be\/fr\/wp-json\/wp\/v2\/media?parent=3034"}],"curies":[{"name":"wp","href":"https:\/\/api.w.org\/{rel}","templated":true}]}}