{"id":4643,"date":"2018-03-26T14:15:40","date_gmt":"2018-03-26T13:15:40","guid":{"rendered":"http:\/\/raytech.be\/fr\/part-inspection\/"},"modified":"2024-07-08T15:36:56","modified_gmt":"2024-07-08T13:36:56","slug":"controle-qualite-inspection-de-pieces","status":"publish","type":"page","link":"https:\/\/raytech.be\/fr\/controle-qualite-inspection-de-pieces\/","title":{"rendered":"Contr\u00f4le qualit\u00e9 &#8211; inspection de pi\u00e8ces"},"content":{"rendered":"","protected":false},"excerpt":{"rendered":"","protected":false},"author":2,"featured_media":0,"parent":0,"menu_order":0,"comment_status":"open","ping_status":"open","template":"template-custom.php","meta":{"_acf_changed":false,"footnotes":""},"class_list":["post-4643","page","type-page","status-publish","hentry"],"acf":[],"yoast_head":"<!-- This site is optimized with the Yoast SEO plugin v26.0 - https:\/\/yoast.com\/wordpress\/plugins\/seo\/ -->\n<title>Contr\u00f4le qualit\u00e9 - inspection de pi\u00e8ces - Raytech<\/title>\n<meta name=\"description\" content=\"Contr\u00f4le qualit\u00e9 de pi\u00e8ces imprim\u00e9es en 3D. Inspection de pi\u00e8ces d\u00e9coup\u00e9es au laser. Syst\u00e8mes de contr\u00f4le par cam\u00e9ra et contr\u00f4le qualit\u00e9 d&#039;ISO9001-2015.\" \/>\n<meta name=\"robots\" content=\"index, follow, max-snippet:-1, max-image-preview:large, max-video-preview:-1\" \/>\n<link rel=\"canonical\" href=\"https:\/\/raytech.be\/fr\/controle-qualite-inspection-de-pieces\/\" \/>\n<meta property=\"og:locale\" content=\"fr_FR\" \/>\n<meta property=\"og:type\" content=\"article\" \/>\n<meta property=\"og:title\" content=\"Contr\u00f4le qualit\u00e9 - inspection de pi\u00e8ces - Raytech\" \/>\n<meta property=\"og:description\" content=\"Contr\u00f4le qualit\u00e9 de pi\u00e8ces imprim\u00e9es en 3D. Inspection de pi\u00e8ces d\u00e9coup\u00e9es au laser. Syst\u00e8mes de contr\u00f4le par cam\u00e9ra et contr\u00f4le qualit\u00e9 d&#039;ISO9001-2015.\" \/>\n<meta property=\"og:url\" content=\"https:\/\/raytech.be\/fr\/controle-qualite-inspection-de-pieces\/\" \/>\n<meta property=\"og:site_name\" content=\"Raytech\" \/>\n<meta property=\"article:modified_time\" content=\"2024-07-08T13:36:56+00:00\" \/>\n<meta name=\"twitter:card\" content=\"summary_large_image\" \/>\n<script type=\"application\/ld+json\" class=\"yoast-schema-graph\">{\"@context\":\"https:\/\/schema.org\",\"@graph\":[{\"@type\":\"WebPage\",\"@id\":\"https:\/\/raytech.be\/fr\/controle-qualite-inspection-de-pieces\/\",\"url\":\"https:\/\/raytech.be\/fr\/controle-qualite-inspection-de-pieces\/\",\"name\":\"Contr\u00f4le qualit\u00e9 - inspection de pi\u00e8ces - Raytech\",\"isPartOf\":{\"@id\":\"https:\/\/raytech.be\/fr\/#website\"},\"datePublished\":\"2018-03-26T13:15:40+00:00\",\"dateModified\":\"2024-07-08T13:36:56+00:00\",\"description\":\"Contr\u00f4le qualit\u00e9 de pi\u00e8ces imprim\u00e9es en 3D. Inspection de pi\u00e8ces d\u00e9coup\u00e9es au laser. Syst\u00e8mes de contr\u00f4le par cam\u00e9ra et contr\u00f4le qualit\u00e9 d'ISO9001-2015.\",\"breadcrumb\":{\"@id\":\"https:\/\/raytech.be\/fr\/controle-qualite-inspection-de-pieces\/#breadcrumb\"},\"inLanguage\":\"fr-FR\",\"potentialAction\":[{\"@type\":\"ReadAction\",\"target\":[\"https:\/\/raytech.be\/fr\/controle-qualite-inspection-de-pieces\/\"]}]},{\"@type\":\"BreadcrumbList\",\"@id\":\"https:\/\/raytech.be\/fr\/controle-qualite-inspection-de-pieces\/#breadcrumb\",\"itemListElement\":[{\"@type\":\"ListItem\",\"position\":1,\"name\":\"Home\",\"item\":\"https:\/\/raytech.be\/fr\/\"},{\"@type\":\"ListItem\",\"position\":2,\"name\":\"Contr\u00f4le qualit\u00e9 &#8211; inspection de pi\u00e8ces\"}]},{\"@type\":\"WebSite\",\"@id\":\"https:\/\/raytech.be\/fr\/#website\",\"url\":\"https:\/\/raytech.be\/fr\/\",\"name\":\"Raytech\",\"description\":\"\",\"publisher\":{\"@id\":\"https:\/\/raytech.be\/fr\/#organization\"},\"potentialAction\":[{\"@type\":\"SearchAction\",\"target\":{\"@type\":\"EntryPoint\",\"urlTemplate\":\"https:\/\/raytech.be\/fr\/?s={search_term_string}\"},\"query-input\":{\"@type\":\"PropertyValueSpecification\",\"valueRequired\":true,\"valueName\":\"search_term_string\"}}],\"inLanguage\":\"fr-FR\"},{\"@type\":\"Organization\",\"@id\":\"https:\/\/raytech.be\/fr\/#organization\",\"name\":\"Raytech\",\"url\":\"https:\/\/raytech.be\/fr\/\",\"logo\":{\"@type\":\"ImageObject\",\"inLanguage\":\"fr-FR\",\"@id\":\"https:\/\/raytech.be\/fr\/#\/schema\/logo\/image\/\",\"url\":\"https:\/\/raytech.be\/wp-content\/uploads\/2021\/05\/logo_300x300pix.jpg\",\"contentUrl\":\"https:\/\/raytech.be\/wp-content\/uploads\/2021\/05\/logo_300x300pix.jpg\",\"width\":300,\"height\":138,\"caption\":\"Raytech\"},\"image\":{\"@id\":\"https:\/\/raytech.be\/fr\/#\/schema\/logo\/image\/\"},\"sameAs\":[\"https:\/\/www.linkedin.com\/company\/10491180\",\"https:\/\/www.youtube.com\/channel\/UCq0nhhmqc4blJbOSI9Eq3Qw\"]}]}<\/script>\n<!-- \/ Yoast SEO plugin. -->","yoast_head_json":{"title":"Contr\u00f4le qualit\u00e9 - inspection de pi\u00e8ces - Raytech","description":"Contr\u00f4le qualit\u00e9 de pi\u00e8ces imprim\u00e9es en 3D. Inspection de pi\u00e8ces d\u00e9coup\u00e9es au laser. Syst\u00e8mes de contr\u00f4le par cam\u00e9ra et contr\u00f4le qualit\u00e9 d'ISO9001-2015.","robots":{"index":"index","follow":"follow","max-snippet":"max-snippet:-1","max-image-preview":"max-image-preview:large","max-video-preview":"max-video-preview:-1"},"canonical":"https:\/\/raytech.be\/fr\/controle-qualite-inspection-de-pieces\/","og_locale":"fr_FR","og_type":"article","og_title":"Contr\u00f4le qualit\u00e9 - inspection de pi\u00e8ces - Raytech","og_description":"Contr\u00f4le qualit\u00e9 de pi\u00e8ces imprim\u00e9es en 3D. Inspection de pi\u00e8ces d\u00e9coup\u00e9es au laser. Syst\u00e8mes de contr\u00f4le par cam\u00e9ra et contr\u00f4le qualit\u00e9 d'ISO9001-2015.","og_url":"https:\/\/raytech.be\/fr\/controle-qualite-inspection-de-pieces\/","og_site_name":"Raytech","article_modified_time":"2024-07-08T13:36:56+00:00","twitter_card":"summary_large_image","schema":{"@context":"https:\/\/schema.org","@graph":[{"@type":"WebPage","@id":"https:\/\/raytech.be\/fr\/controle-qualite-inspection-de-pieces\/","url":"https:\/\/raytech.be\/fr\/controle-qualite-inspection-de-pieces\/","name":"Contr\u00f4le qualit\u00e9 - inspection de pi\u00e8ces - Raytech","isPartOf":{"@id":"https:\/\/raytech.be\/fr\/#website"},"datePublished":"2018-03-26T13:15:40+00:00","dateModified":"2024-07-08T13:36:56+00:00","description":"Contr\u00f4le qualit\u00e9 de pi\u00e8ces imprim\u00e9es en 3D. Inspection de pi\u00e8ces d\u00e9coup\u00e9es au laser. Syst\u00e8mes de contr\u00f4le par cam\u00e9ra et contr\u00f4le qualit\u00e9 d'ISO9001-2015.","breadcrumb":{"@id":"https:\/\/raytech.be\/fr\/controle-qualite-inspection-de-pieces\/#breadcrumb"},"inLanguage":"fr-FR","potentialAction":[{"@type":"ReadAction","target":["https:\/\/raytech.be\/fr\/controle-qualite-inspection-de-pieces\/"]}]},{"@type":"BreadcrumbList","@id":"https:\/\/raytech.be\/fr\/controle-qualite-inspection-de-pieces\/#breadcrumb","itemListElement":[{"@type":"ListItem","position":1,"name":"Home","item":"https:\/\/raytech.be\/fr\/"},{"@type":"ListItem","position":2,"name":"Contr\u00f4le qualit\u00e9 &#8211; inspection de pi\u00e8ces"}]},{"@type":"WebSite","@id":"https:\/\/raytech.be\/fr\/#website","url":"https:\/\/raytech.be\/fr\/","name":"Raytech","description":"","publisher":{"@id":"https:\/\/raytech.be\/fr\/#organization"},"potentialAction":[{"@type":"SearchAction","target":{"@type":"EntryPoint","urlTemplate":"https:\/\/raytech.be\/fr\/?s={search_term_string}"},"query-input":{"@type":"PropertyValueSpecification","valueRequired":true,"valueName":"search_term_string"}}],"inLanguage":"fr-FR"},{"@type":"Organization","@id":"https:\/\/raytech.be\/fr\/#organization","name":"Raytech","url":"https:\/\/raytech.be\/fr\/","logo":{"@type":"ImageObject","inLanguage":"fr-FR","@id":"https:\/\/raytech.be\/fr\/#\/schema\/logo\/image\/","url":"https:\/\/raytech.be\/wp-content\/uploads\/2021\/05\/logo_300x300pix.jpg","contentUrl":"https:\/\/raytech.be\/wp-content\/uploads\/2021\/05\/logo_300x300pix.jpg","width":300,"height":138,"caption":"Raytech"},"image":{"@id":"https:\/\/raytech.be\/fr\/#\/schema\/logo\/image\/"},"sameAs":["https:\/\/www.linkedin.com\/company\/10491180","https:\/\/www.youtube.com\/channel\/UCq0nhhmqc4blJbOSI9Eq3Qw"]}]}},"_links":{"self":[{"href":"https:\/\/raytech.be\/fr\/wp-json\/wp\/v2\/pages\/4643","targetHints":{"allow":["GET"]}}],"collection":[{"href":"https:\/\/raytech.be\/fr\/wp-json\/wp\/v2\/pages"}],"about":[{"href":"https:\/\/raytech.be\/fr\/wp-json\/wp\/v2\/types\/page"}],"author":[{"embeddable":true,"href":"https:\/\/raytech.be\/fr\/wp-json\/wp\/v2\/users\/2"}],"replies":[{"embeddable":true,"href":"https:\/\/raytech.be\/fr\/wp-json\/wp\/v2\/comments?post=4643"}],"version-history":[{"count":3,"href":"https:\/\/raytech.be\/fr\/wp-json\/wp\/v2\/pages\/4643\/revisions"}],"predecessor-version":[{"id":18182,"href":"https:\/\/raytech.be\/fr\/wp-json\/wp\/v2\/pages\/4643\/revisions\/18182"}],"wp:attachment":[{"href":"https:\/\/raytech.be\/fr\/wp-json\/wp\/v2\/media?parent=4643"}],"curies":[{"name":"wp","href":"https:\/\/api.w.org\/{rel}","templated":true}]}}